{"id":664,"date":"2020-09-16T11:16:55","date_gmt":"2020-09-16T11:16:55","guid":{"rendered":"https:\/\/www.sunyeassessors.com\/aviso-legal\/"},"modified":"2021-04-23T15:34:26","modified_gmt":"2021-04-23T15:34:26","slug":"aviso-legal","status":"publish","type":"page","link":"https:\/\/www.sunyeassessors.com\/ca\/aviso-legal\/","title":{"rendered":"Aviso Legal"},"content":{"rendered":"\n[et_pb_section fb_built=&#8221;1&#8243; _builder_version=&#8221;4.6.1&#8243; _module_preset=&#8221;default&#8221;][et_pb_row _builder_version=&#8221;4.6.1&#8243; _module_preset=&#8221;default&#8221;][et_pb_column _builder_version=&#8221;4.6.1&#8243; _module_preset=&#8221;default&#8221; type=&#8221;4_4&#8243;][et_pb_text _builder_version=&#8221;4.6.1&#8243; _module_preset=&#8221;default&#8221; hover_enabled=&#8221;0&#8243; sticky_enabled=&#8221;0&#8243;]<h2>Aviso legal<\/h2>\n<p><strong><\/strong><\/p>\n<p><strong>1. INFORMACION GENERAL<\/strong><\/p>\n<p>En cumplimiento del art\u00edculo 10 de la Ley 34\/2002, de 11 de julio, de Servicios de la Sociedad de la Informaci\u00f3n y Comercio Electr\u00f3nico, se informa que este sitio web ha sido creado, es mantenido y es propiedad de la mercantil SUNYE ASSESSORS S.L. con domicilio social en:<\/p>\n<p>Rambla de Catalunya 120, 2\u00ba4\u00aa, 08008 Barcelona<br \/>NIF \/ CIF: B63940423<br \/>Tel\u00e9fono: 93 368 51 14 \/ 93 368 51 15<br \/>M\u00f3vil: 691 12 56 22<br \/>Fax: 93 368 51 17<br \/>e-mail: info@sunyeassessors.com<\/p>\n<p><strong>2. DATOS DE INSCRIPCION EN EL REGISTRO MERCANTIL<\/strong><\/p>\n<p>SUNYE ASSESSORS, S.L . inscrita en el Registro Mercantil de Barcelona: Tomo: 37833, Folio:0115, Hoja: 314481, Inscripci\u00f3n 1\u00aa.<\/p>\n<p><strong>3. PROPIEDAD INTELECTUAL Y DERECHOS DE AUTOR.<\/strong><\/p>\n<p>El c\u00f3digo fuente, dise\u00f1os gr\u00e1ficos, im\u00e1genes, animaciones, el software, los textos, as\u00ed como la informaci\u00f3n y los contenidos que se recogen en http:\/\/www.sunyeassessors.com son propiedad de SUNYE ASSESSORS, S.L. y no se permite la reproducci\u00f3n y\/o publicaci\u00f3n total o parcial del sitio web, ni su tratamiento inform\u00e1tico, su distribuci\u00f3n, su comunicaci\u00f3n p\u00fablica, ni su modificaci\u00f3n o transformaci\u00f3n, sin el permiso previo y por escrito de SUNYE ASSESSORS, S.L.<br \/>El uso de los contenidos o servicios de SUNYE ASSESSORS, S.L. no implica ni supone la concesi\u00f3n de licencia o autorizaci\u00f3n de uso de ninguna clase sobre sus derechos de propiedad intelectual, industrial o sobre cualquier otro derecho. El usuario de este sitio web se compromete a respetar los derechos enunciados y a evitar cualquier actuaci\u00f3n que pudiera perjudicarlos, reserv\u00e1ndose en todo caso SUNYE ASSESSORS, S.L., el ejercicio de cuantos medios o acciones legales le correspondan en defensa de sus leg\u00edtimos derechos de propiedad intelectual e industrial.<\/p>\n<p><strong>4. LEY Y JURISDICCION APLICABLE<\/strong><\/p>\n<p>Todas las cuestiones que se susciten entre SUNYE ASSESSORS y el usuario relativas a la interpretaci\u00f3n, cumplimiento y validez de las presentes Condiciones Generales de Uso se regir\u00e1n por sus propias cl\u00c3\u00a1usulas y, en lo que en ellas no estuviere previsto, de acuerdo con la legislaci\u00f3n espa\u00f1ola, someti\u00e9ndose expresamente las partes a la jurisdicci\u00f3n de los Juzgados y Tribunales de la ciudad de Barcelona.<\/p>\n<p>&nbsp;<\/p>\n[\/et_pb_text][\/et_pb_column][\/et_pb_row][\/et_pb_section]\n","protected":false},"excerpt":{"rendered":"<p>Aviso legal 1. INFORMACION GENERAL En cumplimiento del art\u00edculo 10 de la Ley 34\/2002, de 11 de julio, de Servicios de la Sociedad de la Informaci\u00f3n y Comercio Electr\u00f3nico, se informa que este sitio web ha sido creado, es mantenido y es propiedad de la mercantil SUNYE ASSESSORS S.L. con domicilio social en: Rambla de [&hellip;]<\/p>\n","protected":false},"author":1,"featured_media":0,"parent":0,"menu_order":0,"comment_status":"closed","ping_status":"closed","template":"","meta":{"_et_pb_use_builder":"on","_et_pb_old_content":"","_et_gb_content_width":""},"_links":{"self":[{"href":"https:\/\/www.sunyeassessors.com\/ca\/wp-json\/wp\/v2\/pages\/664"}],"collection":[{"href":"https:\/\/www.sunyeassessors.com\/ca\/wp-json\/wp\/v2\/pages"}],"about":[{"href":"https:\/\/www.sunyeassessors.com\/ca\/wp-json\/wp\/v2\/types\/page"}],"author":[{"embeddable":true,"href":"https:\/\/www.sunyeassessors.com\/ca\/wp-json\/wp\/v2\/users\/1"}],"replies":[{"embeddable":true,"href":"https:\/\/www.sunyeassessors.com\/ca\/wp-json\/wp\/v2\/comments?post=664"}],"version-history":[{"count":2,"href":"https:\/\/www.sunyeassessors.com\/ca\/wp-json\/wp\/v2\/pages\/664\/revisions"}],"predecessor-version":[{"id":669,"href":"https:\/\/www.sunyeassessors.com\/ca\/wp-json\/wp\/v2\/pages\/664\/revisions\/669"}],"wp:attachment":[{"href":"https:\/\/www.sunyeassessors.com\/ca\/wp-json\/wp\/v2\/media?parent=664"}],"curies":[{"name":"wp","href":"https:\/\/api.w.org\/{rel}","templated":true}]}}