{"id":749,"date":"2022-03-31T11:16:59","date_gmt":"2022-03-31T11:16:59","guid":{"rendered":"https:\/\/www.sunyeassessors.com\/politica-de-cookies\/"},"modified":"2024-05-30T12:12:25","modified_gmt":"2024-05-30T12:12:25","slug":"politica-de-cookies","status":"publish","type":"page","link":"https:\/\/www.sunyeassessors.com\/en\/politica-de-cookies\/","title":{"rendered":"Pol\u00edtica de cookies"},"content":{"rendered":"<p>[et_pb_section fb_built=&#8221;1&#8243; _builder_version=&#8221;4.16&#8243; _module_preset=&#8221;default&#8221; global_colors_info=&#8221;{}&#8221;][et_pb_row _builder_version=&#8221;4.16&#8243; _module_preset=&#8221;default&#8221; global_colors_info=&#8221;{}&#8221;][et_pb_column type=&#8221;4_4&#8243; _builder_version=&#8221;4.16&#8243; _module_preset=&#8221;default&#8221; global_colors_info=&#8221;{}&#8221;][et_pb_text _builder_version=&#8221;4.25.1&#8243; _module_preset=&#8221;default&#8221; hover_enabled=&#8221;0&#8243; global_colors_info=&#8221;{}&#8221; sticky_enabled=&#8221;0&#8243;]<\/p>\n<h1>Pol\u00edtica de cookies<\/h1>\n<p><b>\u00bfQu\u00e9 son las\u00a0 Cookies?<\/b><\/p>\n<p>Una cookie es un archivo o dispositivo que se descarga en el equipo terminal de un usuario con la finalidad de almacenar datos que podr\u00e1n ser actualizados y recuperados por la entidad responsable de su instalaci\u00f3n. Es decir, es un fichero que se descarga en su ordenador al acceder a determinadas p\u00e1ginas Web. Las cookies permiten a una p\u00e1gina Web, entre otras cosas, almacenar y recuperar informaci\u00f3n sobre los h\u00e1bitos de navegaci\u00f3n de un usuario o de su equipo y, dependiendo de la informaci\u00f3n que contengan y de la forma en que utilice su equipo, pueden utilizarse para reconocer al usuario.<\/p>\n<p><b>\u00bfQu\u00e9 tipo de cookies utiliza esta p\u00e1gina Web?<\/b><\/p>\n<p>La presente p\u00e1gina Web est\u00e1 utilizando cookies que permiten facilitar al usuario el uso y la navegaci\u00f3n a trav\u00e9s de la misma, garantizar el acceso a determinados servicios, as\u00ed como mejorar la configuraci\u00f3n funcional de la web.<\/p>\n<p>Concretamente, esta p\u00e1gina Web utiliza las siguiente cookies:<\/p>\n<table style=\"height: 446px;\">\n<tbody>\n<tr style=\"height: 23px;\">\n<td style=\"height: 23px; width: 145.891px;\"><strong>COOKIE<\/strong><\/td>\n<td style=\"height: 23px; width: 69.2969px;\"><strong>TIPO<\/strong><\/td>\n<td style=\"height: 23px; width: 107.656px;\"><strong>CADUCIDAD<\/strong><\/td>\n<td style=\"height: 23px; width: 379.641px;\"><strong>FUNCI\u00d3N<\/strong><\/td>\n<\/tr>\n<tr style=\"height: 95px;\">\n<td style=\"height: 95px; width: 145.891px;\">moove_gdpr_popup<\/td>\n<td style=\"height: 95px; width: 69.2969px;\">Necesaria<\/td>\n<td style=\"height: 95px; width: 107.656px;\">1 a\u00f1o<\/td>\n<td style=\"height: 95px; width: 379.641px;\">Esta cookie est\u00e1 configurada por el complemento de consentimiento de cookies de GDPR. La cookie se utiliza para almacenar el consentimiento del usuario para las cookies.<\/td>\n<\/tr>\n<\/tbody>\n<\/table>\n<p>&nbsp;<\/p>\n<p><b>Cookies de an\u00e1lisis:<\/b><\/p>\n<p>Esta web NO recoge cookies para llevar a cabo un an\u00e1lisis de los comportamientos y acciones de los usuarios de la p\u00e1gina Web ni para la elaboraci\u00f3n de perfiles de navegaci\u00f3n con el fin de realizar mejoras t\u00e9cnicas de funcionamiento y de servicio.<\/p>\n<p><b>Cookies de redes sociales:<\/b><\/p>\n<p>Las cookies de redes sociales pueden almacenarse en su navegador mientras navega por este sitio web, por ejemplo, cuando utiliza el bot\u00f3n de compartir contenidos de en alguna red social. \u00a0continuaci\u00f3n, tienes informaci\u00f3n sobre las cookies de las redes sociales que utiliza esta web en sus propias pol\u00edticas de cookies:<\/p>\n<p>Cookies de Facebook, ver m\u00e1s informaci\u00f3n en su <a href=\"https:\/\/www.facebook.com\/privacy\/policies\/cookies\/?entry_point=cookie_policy_redirect&amp;entry=0\" target=\"_blank\" rel=\"noopener\">pol\u00edtica de cookies<\/a>.<br \/>\nCookies de Instagram, ver m\u00e1s informaci\u00f3n en su <a href=\"https:\/\/privacycenter.instagram.com\/policies\/cookies\/?\" target=\"_blank\" rel=\"noopener\">pol\u00edtica de cookies<\/a>.<\/p>\n<p><b>\u00bfC\u00f3mo gestionar la configuraci\u00f3n de las cookies?<\/b><\/p>\n<p>En el presente apartado se lleva a cabo una breve exposici\u00f3n de c\u00f3mo consulta y llevar a cabo la configuraci\u00f3n del sistema e cookies en relaci\u00f3n a los navegadores m\u00e1s comunes o m\u00e1s utilizados por los usuarios.<\/p>\n<p>En este sentido, pr\u00e1cticamente todos los navegadores permiten al usuario obtener informaci\u00f3n general sobre las cookies instaladas en una p\u00e1gina web, concretamente verificar la existencia de las mimas, su duraci\u00f3n o el sistema de eliminaci\u00f3n. En este sentido, a t\u00edtulo informativo, se facilitan una serie de enlaces relacionados:<\/p>\n<p><b>&#8211; Google Chrome:<\/b><\/p>\n<p><a href=\"https:\/\/support.google.com\/chrome\/answer\/95647?hl=es\">https:\/\/support.google.com\/chrome\/answer\/95647?hl=es<\/a><\/p>\n<p><b>&#8211; Internet Explorer:<\/b><\/p>\n<p><a href=\"http:\/\/windows.microsoft.com\/es-xl\/internet-explorer\/delete-manage-cookies#ie=ie-11\">http:\/\/windows.microsoft.com\/es-xl\/internet-explorer\/delete-manage-cookies#ie=ie-11<\/a><\/p>\n<p><b>&#8211; Mozilla Firefox:<\/b><\/p>\n<p><a href=\"https:\/\/support.mozilla.org\/es\/kb\/cookies-informacion-que-los-sitios-web-guardan-en-\">https:\/\/support.mozilla.org\/es\/kb\/cookies-informacion-que-los-sitios-web-guardan-en-<\/a><\/p>\n<p><b>&#8211; Opera:<\/b><\/p>\n<p><a href=\"http:\/\/help.opera.com\/Linux\/10.60\/es-ES\/cookies.html\">http:\/\/help.opera.com\/Linux\/10.60\/es-ES\/cookies.html<\/a><\/p>\n<p>Por otra parte, el usuario podr\u00e1 permitir, bloquear o eliminar las cookies instaladas en su equipo modificando la configuraci\u00f3n de su navegador conforme a las instrucciones indicadas en el mismo. A t\u00edtulo informativo se indica que habitualmente la configuraci\u00f3n de las cookies se suele llevar a cabo en el men\u00fa \u201cPreferencias\u201d o \u201cHerramientas\u201d de cada navegador, en cualquier caso, siempre podr\u00e1 acudir a la ayuda de su navegador para solucionar o solventas las dudas que se le generen el respecto.<\/p>\n<p>Conviene tener en cuenta que, si se impide la instalaci\u00f3n de todas las cookies, el contenido de la Web as\u00ed como determinadas funcionalidades y servicios facilitados por la misma pueden verse afectados.<\/p>\n<p>&nbsp;<\/p>\n<p>Para mas informaci\u00f3n puede ponerse en contacto a trav\u00e9s del correo electr\u00f3nico: <a href=\"mailto:info@sunyeassessors.com\">info@sunyeassessors.com<\/a>[\/et_pb_text][\/et_pb_column][\/et_pb_row][\/et_pb_section]<\/p>\n","protected":false},"excerpt":{"rendered":"<p>Pol\u00edtica de cookies \u00bfQu\u00e9 son las\u00a0 Cookies? Una cookie es un archivo o dispositivo que se descarga en el equipo terminal de un usuario con la finalidad de almacenar datos que podr\u00e1n ser actualizados y recuperados por la entidad responsable de su instalaci\u00f3n. Es decir, es un fichero que se descarga en su ordenador al [&hellip;]<\/p>\n","protected":false},"author":1,"featured_media":0,"parent":0,"menu_order":0,"comment_status":"closed","ping_status":"closed","template":"","meta":{"_et_pb_use_builder":"on","_et_pb_old_content":"","_et_gb_content_width":""},"_links":{"self":[{"href":"https:\/\/www.sunyeassessors.com\/en\/wp-json\/wp\/v2\/pages\/749"}],"collection":[{"href":"https:\/\/www.sunyeassessors.com\/en\/wp-json\/wp\/v2\/pages"}],"about":[{"href":"https:\/\/www.sunyeassessors.com\/en\/wp-json\/wp\/v2\/types\/page"}],"author":[{"embeddable":true,"href":"https:\/\/www.sunyeassessors.com\/en\/wp-json\/wp\/v2\/users\/1"}],"replies":[{"embeddable":true,"href":"https:\/\/www.sunyeassessors.com\/en\/wp-json\/wp\/v2\/comments?post=749"}],"version-history":[{"count":4,"href":"https:\/\/www.sunyeassessors.com\/en\/wp-json\/wp\/v2\/pages\/749\/revisions"}],"predecessor-version":[{"id":798,"href":"https:\/\/www.sunyeassessors.com\/en\/wp-json\/wp\/v2\/pages\/749\/revisions\/798"}],"wp:attachment":[{"href":"https:\/\/www.sunyeassessors.com\/en\/wp-json\/wp\/v2\/media?parent=749"}],"curies":[{"name":"wp","href":"https:\/\/api.w.org\/{rel}","templated":true}]}}